{"id":23,"date":"2019-09-02T07:23:47","date_gmt":"2019-09-02T10:23:47","guid":{"rendered":"https:\/\/lopescancado.adv.br\/?p=23"},"modified":"2023-03-25T08:31:59","modified_gmt":"2023-03-25T11:31:59","slug":"o-escritorio","status":"publish","type":"page","link":"https:\/\/lopescancado.adv.br\/?page_id=23","title":{"rendered":"O Escrit\u00f3rio"},"content":{"rendered":"<ul>\n<li>\n<p>        <img decoding=\"async\" src=\"\/novosite\/wp-content\/uploads\/2023\/03\/recepcao.jpg\" alt=\"\"><\/p>\n<h3>recepcao<\/h3>\n<\/li>\n<li>\n<p>        <img decoding=\"async\" src=\"\/novosite\/wp-content\/uploads\/2023\/03\/sala1.jpg\" alt=\"\"><\/p>\n<h3>sala1<\/h3>\n<\/li>\n<li>\n<p>        <img decoding=\"async\" src=\"\/novosite\/wp-content\/uploads\/2023\/03\/sala2.jpg\" alt=\"\"><\/p>\n<h3>sala2<\/h3>\n<\/li>\n<li>\n<p>        <img decoding=\"async\" src=\"\/novosite\/wp-content\/uploads\/2023\/03\/logo_mesa.jpg\" alt=\"\"><\/p>\n<h3>logo_mesa<\/h3>\n<\/li>\n<\/ul>\n<h1>O Escrit\u00f3rio<\/h1>\n<div>\n<p>A Lopes Can\u00e7ado Advocacia e Consultoria Jur\u00eddica possui s\u00f3lida experi\u00eancia no mercado, tendo como principal preocupa\u00e7\u00e3o o atendimento aos nossos clientes com qualidade e presteza, e para isso contamos com a especializa\u00e7\u00e3o de uma equipe de advogados capaz de responder \u00e0s demandas de forma integral e eficaz, desde as inst\u00e2ncias prim\u00e1rias at\u00e9 os Tribunais Superiores, em assuntos corporativos e individuais.<\/p>\n<p>Com atua\u00e7\u00e3o nas \u00e1reas do Direito Administrativo, Trabalhista, Previdenci\u00e1rio, Civil, Consumidor, Tribut\u00e1rio, Penal, Empresarial, Eleitoral, Marcas e Patentes e Consultoria e Assessoria Jur\u00eddica em Franchising, temos apresentado crescente desempenho junto a sindicatos, associa\u00e7\u00f5es e entidades de classe, por meio de conv\u00eanios e contratos firmados. Al\u00e9m disso, destaca-se o exerc\u00edcio de representa\u00e7\u00e3o institucional e assessoria legislativa junto a diversos \u00f3rg\u00e3os federais e distritais.<\/p>\n<p>A Lopes Can\u00e7ado Advocacia est\u00e1 sempre em busca de atualiza\u00e7\u00f5es e excel\u00eancia t\u00e9cnica, o que concretizou o objetivo do escrit\u00f3rio em oferecer aos clientes um apoio abrangente, eficaz e diferenciado.<\/p>\n<p>Sediado em Bras\u00edlia \u2013 DF, conta ainda com correspondentes em diversos Estados, o que permite uma atua\u00e7\u00e3o uniforme e bem estruturada.<\/p>\n<p>Bem-vindo \u00e0 LOPES CAN\u00c7ADO ADVOCACIA E CONSULTORIA JUR\u00cdDICA!<\/p>\n<\/p>\n<\/div>\n<ul>\n<li>\n<h6>Conhe\u00e7a nossa Equipe<\/h6>\n<div>\n<p>Conhe\u00e7a nossa Equipe<\/p>\n<\/div>\n<p><a href=\"\/novosite\/index.php?page_id=23\">saiba mais<\/a><\/p>\n<\/li>\n<li>\n<h6>\u00c1reas de Atua\u00e7\u00e3o<\/h6>\n<div>\n<p>\u00c1reas de Atua\u00e7\u00e3o<\/p>\n<\/div>\n<p><a href=\"\/novosite\/index.php?page_id=22\">saiba mais<\/a><\/p>\n<\/li>\n<li>\n<h6>Apresenta\u00e7\u00e3o do Escrit\u00f3rio<\/h6>\n<div>Apresenta\u00e7\u00e3o do Escrit\u00f3rio<\/div>\n<p><a href=\"\/novosite\/wp-content\/uploads\/2023\/03\/apresentacao_lopes_cancado.pdf\">saiba mais<\/a><\/p>\n<\/li>\n<\/ul>\n<h3>Vis\u00e3o<\/h3>\n<div>\n<p><span>Ser reconhecida como uma Sociedade de Advogados de excel\u00eancia em Bras\u00edlia e no Brasil, dotada de padr\u00f5es de qualidade t\u00e9cnica em diversas \u00e1reas do Direito.<\/span><\/p>\n<\/div>\n<h3>Miss\u00e3o<\/h3>\n<div>\n<p><span>Prestar os mais variados servi\u00e7os jur\u00eddicos em defesa dos seus clientes, com qualidade e respeito, atrav\u00e9s da utiliza\u00e7\u00e3o \u00e9tica dos instrumentos do Direito, para a realiza\u00e7\u00e3o transparente da Justi\u00e7a<\/span><\/p>\n<\/div>\n<h3>Valores<\/h3>\n<div>\n<p><span>Agir com integridade, honestidade, \u00e9tica e profissionalismo. Cumprir com as necessidades dos clientes, persistindo na busca de solu\u00e7\u00f5es. Buscar a evolu\u00e7\u00e3o permanente na qualidade dos servi\u00e7os prestados. Manter ambiente de trabalho saud\u00e1vel, fraterno, participativo e produtivo. Respeitar e fazer respeitar os direitos dos nossos clientes.<\/span><\/p>\n<\/div>\n<p><!--more--><br \/>\n<!-- {\"name\":\"\",\"type\":\"layout\",\"children\":[{\"name\":\"hero\",\"type\":\"section\",\"props\":{\"height\":\"expand\",\"image\":\"\",\"image_effect\":\"parallax\",\"image_loading\":true,\"image_parallax_bgy\":\"20,-230\",\"image_parallax_breakpoint\":\"m\",\"image_parallax_easing\":\"1\",\"image_position\":\"center-left\",\"image_size\":\"cover\",\"image_width\":\"1560\",\"padding\":\"none\",\"sticky\":\"cover\",\"style\":\"default\",\"title_breakpoint\":\"xl\",\"title_position\":\"top-left\",\"title_rotation\":\"left\",\"vertical_align\":\"middle\",\"width\":\"\"},\"children\":[{\"type\":\"row\",\"props\":{\"height\":\"percent\",\"margin\":\"remove-vertical\",\"margin_remove_top\":false},\"children\":[{\"type\":\"column\",\"props\":{\"image_position\":\"center-center\",\"media_overlay_gradient\":\"\",\"position_sticky_breakpoint\":\"m\"},\"children\":[{\"type\":\"slideshow\",\"props\":{\"link_style\":\"default\",\"link_text\":\"Read more\",\"margin\":\"default\",\"meta_align\":\"below-title\",\"meta_element\":\"div\",\"meta_style\":\"text-meta\",\"nav\":\"thumbnav\",\"nav_align\":\"center\",\"nav_breakpoint\":\"s\",\"nav_position\":\"bottom-center\",\"nav_position_margin\":\"medium\",\"overlay_animation\":\"parallax\",\"overlay_position\":\"center-left\",\"show_content\":true,\"show_link\":true,\"show_meta\":true,\"show_thumbnail\":true,\"show_title\":false,\"slidenav\":\"default\",\"slidenav_breakpoint\":\"s\",\"slidenav_margin\":\"medium\",\"slidenav_outside_breakpoint\":\"xl\",\"slideshow_autoplay_pause\":true,\"slideshow_height\":\"percent\",\"slideshow_min_height\":\"300\",\"thumbnav_height\":\"75\",\"thumbnav_svg_color\":\"emphasis\",\"thumbnav_width\":\"100\",\"title_element\":\"h3\"},\"children\":[{\"type\":\"slideshow_item\",\"props\":{\"image\":\"wp-content\\\/uploads\\\/2023\\\/03\\\/recepcao.jpg\",\"title\":\"recepcao\"}},{\"type\":\"slideshow_item\",\"props\":{\"image\":\"wp-content\\\/uploads\\\/2023\\\/03\\\/sala1.jpg\",\"title\":\"sala1\"}},{\"type\":\"slideshow_item\",\"props\":{\"image\":\"wp-content\\\/uploads\\\/2023\\\/03\\\/sala2.jpg\",\"title\":\"sala2\"}},{\"type\":\"slideshow_item\",\"props\":{\"image\":\"wp-content\\\/uploads\\\/2023\\\/03\\\/logo_mesa.jpg\",\"title\":\"logo_mesa\"}}]}]}]}]},{\"name\":\"Services\",\"type\":\"section\",\"props\":{\"image_position\":\"center-center\",\"padding\":\"large\",\"style\":\"default\",\"title_breakpoint\":\"xl\",\"title_position\":\"top-left\",\"title_rotation\":\"left\",\"vertical_align\":\"middle\",\"width\":\"default\"},\"children\":[{\"name\":\"\",\"type\":\"row\",\"props\":{\"column_gap\":\"large\",\"layout\":\"2-3,1-3\",\"row_gap\":\"large\"},\"children\":[{\"name\":\"\",\"type\":\"column\",\"props\":{\"image_position\":\"center-center\",\"media_overlay_gradient\":\"\",\"position_sticky_breakpoint\":\"m\",\"width_medium\":\"2-3\"},\"children\":[{\"type\":\"headline\",\"props\":{\"content\":\"O Escrit\\u00f3rio\",\"title_element\":\"h1\"}},{\"name\":\"\",\"type\":\"text\",\"props\":{\"column_breakpoint\":\"m\",\"content\":\"\n\n<p>A Lopes Can\\u00e7ado Advocacia e Consultoria Jur\\u00eddica possui s\\u00f3lida experi\\u00eancia no mercado, tendo como principal preocupa\\u00e7\\u00e3o o atendimento aos nossos clientes com qualidade e presteza, e para isso contamos com a especializa\\u00e7\\u00e3o de uma equipe de advogados capaz de responder \\u00e0s demandas de forma integral e eficaz, desde as inst\\u00e2ncias prim\\u00e1rias at\\u00e9 os Tribunais Superiores, em assuntos corporativos e individuais.<br \\\/><br \\\/>Com atua\\u00e7\\u00e3o nas \\u00e1reas do Direito Administrativo, Trabalhista, Previdenci\\u00e1rio, Civil, Consumidor, Tribut\\u00e1rio, Penal, Empresarial, Eleitoral, Marcas e Patentes e Consultoria e Assessoria Jur\\u00eddica em Franchising, temos apresentado crescente desempenho junto a sindicatos, associa\\u00e7\\u00f5es e entidades de classe, por meio de conv\\u00eanios e contratos firmados. Al\\u00e9m disso, destaca-se o exerc\\u00edcio de representa\\u00e7\\u00e3o institucional e assessoria legislativa junto a diversos \\u00f3rg\\u00e3os federais e distritais.<br \\\/><br \\\/>A Lopes Can\\u00e7ado Advocacia est\\u00e1 sempre em busca de atualiza\\u00e7\\u00f5es e excel\\u00eancia t\\u00e9cnica, o que concretizou o objetivo do escrit\\u00f3rio em oferecer aos clientes um apoio abrangente, eficaz e diferenciado.<br \\\/><br \\\/>Sediado em Bras\\u00edlia \\u2013 DF, conta ainda com correspondentes em diversos Estados, o que permite uma atua\\u00e7\\u00e3o uniforme e bem estruturada.<\\\/p>\\n\n\n<p>Bem-vindo \\u00e0 LOPES CAN\\u00c7ADO ADVOCACIA E CONSULTORIA JUR\\u00cdDICA!<\\\/p>\\n\n\n<p><\\\/p>\",\"margin\":\"default\"}},{\"type\":\"grid\",\"props\":{\"content_align\":false,\"content_column_breakpoint\":\"m\",\"content_style\":\"text-lead\",\"filter_align\":\"left\",\"filter_all\":true,\"filter_grid_breakpoint\":\"m\",\"filter_grid_width\":\"auto\",\"filter_position\":\"top\",\"filter_style\":\"tab\",\"grid_default\":\"1\",\"grid_divider\":false,\"grid_medium\":\"3\",\"icon_width\":80,\"image_align\":\"top\",\"image_grid_breakpoint\":\"m\",\"image_grid_width\":\"1-2\",\"image_svg_color\":\"emphasis\",\"item_animation\":true,\"link_style\":\"\",\"link_text\":\"saiba mais\",\"margin\":\"default\",\"meta_align\":\"below-title\",\"meta_element\":\"div\",\"meta_style\":\"text-meta\",\"panel_padding\":\"small\",\"panel_style\":\"card-primary\",\"show_content\":true,\"show_image\":true,\"show_link\":true,\"show_meta\":true,\"show_title\":false,\"text_align\":\"center\",\"title_align\":\"top\",\"title_element\":\"h6\",\"title_grid_breakpoint\":\"m\",\"title_grid_width\":\"1-2\",\"title_hover_style\":\"reset\"},\"children\":[{\"type\":\"grid_item\",\"props\":{\"content\":\"\n\n<p>Conhe\\u00e7a nossa Equipe<\\\/p>\",\"link\":\"index.php?page_id=23\",\"meta\":\"\",\"title\":\"Conhe\\u00e7a nossa Equipe\"}},{\"type\":\"grid_item\",\"props\":{\"content\":\"\n\n<p>\\u00c1reas de Atua\\u00e7\\u00e3o<\\\/p>\",\"link\":\"index.php?page_id=22\",\"title\":\"\\u00c1reas de Atua\\u00e7\\u00e3o\"}},{\"type\":\"grid_item\",\"props\":{\"content\":\"Apresenta\\u00e7\\u00e3o do Escrit\\u00f3rio\",\"icon\":\"\",\"link\":\"wp-content\\\/uploads\\\/2023\\\/03\\\/apresentacao_lopes_cancado.pdf\",\"title\":\"Apresenta\\u00e7\\u00e3o do Escrit\\u00f3rio\"}}]}]},{\"name\":\"\",\"type\":\"column\",\"props\":{\"image_position\":\"center-center\",\"media_overlay_gradient\":\"\",\"position_sticky_breakpoint\":\"m\",\"width_medium\":\"1-3\"},\"children\":[{\"name\":\"\",\"type\":\"headline\",\"props\":{\"content\":\"Vis\\u00e3o\",\"title_decoration\":\"bullet\",\"title_element\":\"h3\",\"title_style\":\"h4\"}},{\"type\":\"text\",\"props\":{\"column_breakpoint\":\"m\",\"content\":\"\n\n<p><span>Ser reconhecida como uma Sociedade de Advogados de excel\\u00eancia em Bras\\u00edlia e no Brasil, dotada de padr\\u00f5es de qualidade t\\u00e9cnica em diversas \\u00e1reas do Direito.<\\\/span><\\\/p>\",\"margin\":\"default\"}},{\"name\":\"\",\"type\":\"headline\",\"props\":{\"content\":\"Miss\\u00e3o\",\"title_decoration\":\"bullet\",\"title_element\":\"h3\",\"title_style\":\"h4\"}},{\"type\":\"text\",\"props\":{\"column_breakpoint\":\"m\",\"content\":\"\n\n<p><span>Prestar os mais variados servi\\u00e7os jur\\u00eddicos em defesa dos seus clientes, com qualidade e respeito, atrav\\u00e9s da utiliza\\u00e7\\u00e3o \\u00e9tica dos instrumentos do Direito, para a realiza\\u00e7\\u00e3o transparente da Justi\\u00e7a<\\\/span><\\\/p>\",\"margin\":\"default\"}},{\"name\":\"\",\"type\":\"headline\",\"props\":{\"content\":\"Valores\",\"title_decoration\":\"bullet\",\"title_element\":\"h3\",\"title_style\":\"h4\"}},{\"type\":\"text\",\"props\":{\"column_breakpoint\":\"m\",\"content\":\"\n\n<p><span>Agir com integridade, honestidade, \\u00e9tica e profissionalismo. Cumprir com as necessidades dos clientes, persistindo na busca de solu\\u00e7\\u00f5es. Buscar a evolu\\u00e7\\u00e3o permanente na qualidade dos servi\\u00e7os prestados. Manter ambiente de trabalho saud\\u00e1vel, fraterno, participativo e produtivo. Respeitar e fazer respeitar os direitos dos nossos clientes.<\\\/span><\\\/p>\",\"margin\":\"default\"}}]}]}]}],\"version\":\"3.0.25\"} --><\/p>\n","protected":false},"excerpt":{"rendered":"<p>recepcao sala1 sala2 logo_mesa O Escrit\u00f3rio A Lopes Can\u00e7ado Advocacia e Consultoria Jur\u00eddica possui s\u00f3lida experi\u00eancia no mercado, tendo como principal preocupa\u00e7\u00e3o o atendimento aos nossos clientes com qualidade e presteza, e para isso contamos com a especializa\u00e7\u00e3o de uma equipe de advogados capaz de responder \u00e0s demandas de forma integral e eficaz, desde as [&hellip;]<\/p>\n","protected":false},"author":1,"featured_media":0,"parent":0,"menu_order":3,"comment_status":"open","ping_status":"closed","template":"","meta":{"footnotes":""},"class_list":["post-23","page","type-page","status-publish","hentry"],"acf":[],"_links":{"self":[{"href":"https:\/\/lopescancado.adv.br\/index.php?rest_route=\/wp\/v2\/pages\/23","targetHints":{"allow":["GET"]}}],"collection":[{"href":"https:\/\/lopescancado.adv.br\/index.php?rest_route=\/wp\/v2\/pages"}],"about":[{"href":"https:\/\/lopescancado.adv.br\/index.php?rest_route=\/wp\/v2\/types\/page"}],"author":[{"embeddable":true,"href":"https:\/\/lopescancado.adv.br\/index.php?rest_route=\/wp\/v2\/users\/1"}],"replies":[{"embeddable":true,"href":"https:\/\/lopescancado.adv.br\/index.php?rest_route=%2Fwp%2Fv2%2Fcomments&post=23"}],"version-history":[{"count":14,"href":"https:\/\/lopescancado.adv.br\/index.php?rest_route=\/wp\/v2\/pages\/23\/revisions"}],"predecessor-version":[{"id":2815,"href":"https:\/\/lopescancado.adv.br\/index.php?rest_route=\/wp\/v2\/pages\/23\/revisions\/2815"}],"wp:attachment":[{"href":"https:\/\/lopescancado.adv.br\/index.php?rest_route=%2Fwp%2Fv2%2Fmedia&parent=23"}],"curies":[{"name":"wp","href":"https:\/\/api.w.org\/{rel}","templated":true}]}}